{"id":787,"date":"2026-05-08T07:17:10","date_gmt":"2026-05-08T07:17:10","guid":{"rendered":"https:\/\/mathematerial.ch\/?page_id=787"},"modified":"2026-05-08T07:23:15","modified_gmt":"2026-05-08T07:23:15","slug":"verschiedene-tools-fuer-lehrpersonen","status":"publish","type":"page","link":"https:\/\/mathematerial.ch\/?page_id=787","title":{"rendered":"Verschiedene Tools f\u00fcr Lehrpersonen"},"content":{"rendered":"\n<p>Allgemeine Tools:<\/p>\n\n\n\n<p><a href=\"http:\/\/mathematerial.ch\/personengenerator.html\">Eine Person aus einer Gruppe zuf\u00e4llig ausw\u00e4hlen<\/a><\/p>\n\n\n\n<p>Tools f\u00fcr NaTech:<\/p>\n\n\n\n<p><a href=\"https:\/\/mathematerial.ch\/zufallsgenerator-haus.html\">Zufallsgenerator zum Aufzeigen von Evolution<\/a><\/p>\n","protected":false},"excerpt":{"rendered":"<p>Allgemeine Tools: Eine Person aus einer Gruppe zuf\u00e4llig ausw\u00e4hlen Tools f\u00fcr NaTech: Zufallsgenerator zum Aufzeigen von Evolution<\/p>\n","protected":false},"author":1,"featured_media":0,"parent":0,"menu_order":0,"comment_status":"closed","ping_status":"closed","template":"","meta":{"colormag_page_container_layout":"default_layout","colormag_page_sidebar_layout":"default_layout","footnotes":""},"class_list":["post-787","page","type-page","status-publish","hentry"],"_links":{"self":[{"href":"https:\/\/mathematerial.ch\/index.php?rest_route=\/wp\/v2\/pages\/787","targetHints":{"allow":["GET"]}}],"collection":[{"href":"https:\/\/mathematerial.ch\/index.php?rest_route=\/wp\/v2\/pages"}],"about":[{"href":"https:\/\/mathematerial.ch\/index.php?rest_route=\/wp\/v2\/types\/page"}],"author":[{"embeddable":true,"href":"https:\/\/mathematerial.ch\/index.php?rest_route=\/wp\/v2\/users\/1"}],"replies":[{"embeddable":true,"href":"https:\/\/mathematerial.ch\/index.php?rest_route=%2Fwp%2Fv2%2Fcomments&post=787"}],"version-history":[{"count":4,"href":"https:\/\/mathematerial.ch\/index.php?rest_route=\/wp\/v2\/pages\/787\/revisions"}],"predecessor-version":[{"id":793,"href":"https:\/\/mathematerial.ch\/index.php?rest_route=\/wp\/v2\/pages\/787\/revisions\/793"}],"wp:attachment":[{"href":"https:\/\/mathematerial.ch\/index.php?rest_route=%2Fwp%2Fv2%2Fmedia&parent=787"}],"curies":[{"name":"wp","href":"https:\/\/api.w.org\/{rel}","templated":true}]}}