{"id":209,"date":"2023-05-15T10:36:21","date_gmt":"2023-05-15T10:36:21","guid":{"rendered":"https:\/\/mathematerial.ch\/?page_id=209"},"modified":"2023-06-20T08:37:46","modified_gmt":"2023-06-20T08:37:46","slug":"3a-zuordnungen-und-abhaengigkeiten","status":"publish","type":"page","link":"https:\/\/mathematerial.ch\/?page_id=209","title":{"rendered":"3a. Zuordnungen und Abh\u00e4ngigkeiten"},"content":{"rendered":"\n<p class=\"has-medium-font-size\"><strong>Themenbuch:<\/strong><\/p>\n\n\n\n<p class=\"has-medium-font-size\"><strong>Zu Aufgabe 4:<\/strong><\/p>\n\n\n\n<p><a href=\"https:\/\/003.lmvz.ch\/lehrmittelsites\/mathe_sek\/data\/mathsek1_docs\/geogebra\/M2_3a_fuellhoehe.html\">F\u00fcllh\u00f6he<\/a><\/p>\n\n\n\n<p class=\"has-medium-font-size\"><strong>Arbeitsheft:<\/strong><\/p>\n\n\n\n<p class=\"has-medium-font-size\"><strong>Zu Aufgabe 4.2:<\/strong><\/p>\n\n\n\n<p><a href=\"https:\/\/003.lmvz.ch\/lehrmittelsites\/mathe_sek\/data\/mathsek1_docs\/geogebra\/M2_3a_fuellhoehe.html\">F\u00fcllh\u00f6he<\/a><\/p>\n\n\n\n<p class=\"has-medium-font-size\"><strong>Zu Aufgabe 4.8:<\/strong><\/p>\n\n\n\n<p><a href=\"https:\/\/003.lmvz.ch\/lehrmittelsites\/mathe_sek\/data\/mathsek1_docs\/geogebra\/M2_3a_holzstab.html\">Holzstab<\/a><\/p>\n\n\n\n<p class=\"has-medium-font-size\"><strong>Zu Aufgabe 4.9:<\/strong><\/p>\n\n\n\n<p><a href=\"https:\/\/003.lmvz.ch\/lehrmittelsites\/mathe_sek\/data\/mathsek1_docs\/geogebra\/M2_3a_seil.html\">Seil<\/a><\/p>\n","protected":false},"excerpt":{"rendered":"<p>Themenbuch: Zu Aufgabe 4: F\u00fcllh\u00f6he Arbeitsheft: Zu Aufgabe 4.2: F\u00fcllh\u00f6he Zu Aufgabe 4.8: Holzstab Zu Aufgabe 4.9: Seil<\/p>\n","protected":false},"author":1,"featured_media":0,"parent":0,"menu_order":0,"comment_status":"closed","ping_status":"closed","template":"","meta":{"colormag_page_container_layout":"default_layout","colormag_page_sidebar_layout":"default_layout","footnotes":""},"class_list":["post-209","page","type-page","status-publish","hentry"],"_links":{"self":[{"href":"https:\/\/mathematerial.ch\/index.php?rest_route=\/wp\/v2\/pages\/209","targetHints":{"allow":["GET"]}}],"collection":[{"href":"https:\/\/mathematerial.ch\/index.php?rest_route=\/wp\/v2\/pages"}],"about":[{"href":"https:\/\/mathematerial.ch\/index.php?rest_route=\/wp\/v2\/types\/page"}],"author":[{"embeddable":true,"href":"https:\/\/mathematerial.ch\/index.php?rest_route=\/wp\/v2\/users\/1"}],"replies":[{"embeddable":true,"href":"https:\/\/mathematerial.ch\/index.php?rest_route=%2Fwp%2Fv2%2Fcomments&post=209"}],"version-history":[{"count":2,"href":"https:\/\/mathematerial.ch\/index.php?rest_route=\/wp\/v2\/pages\/209\/revisions"}],"predecessor-version":[{"id":475,"href":"https:\/\/mathematerial.ch\/index.php?rest_route=\/wp\/v2\/pages\/209\/revisions\/475"}],"wp:attachment":[{"href":"https:\/\/mathematerial.ch\/index.php?rest_route=%2Fwp%2Fv2%2Fmedia&parent=209"}],"curies":[{"name":"wp","href":"https:\/\/api.w.org\/{rel}","templated":true}]}}