{"id":192,"date":"2023-05-15T10:33:19","date_gmt":"2023-05-15T10:33:19","guid":{"rendered":"https:\/\/mathematerial.ch\/?page_id=192"},"modified":"2023-05-31T15:12:23","modified_gmt":"2023-05-31T15:12:23","slug":"1c-gleichungen-folgen-und-wurzeln","status":"publish","type":"page","link":"https:\/\/mathematerial.ch\/?page_id=192","title":{"rendered":"1c. Gleichungen, Folgen und Wurzeln"},"content":{"rendered":"\n<p class=\"has-medium-font-size\"><strong>Zu Aufgabe 1.1:<\/strong><\/p>\n\n\n\n<p><a href=\"https:\/\/003.lmvz.ch\/lehrmittelsites\/mathe_sek\/data\/mathsek1_trainer2\/a1_1_3_1_1.html\">Gleichungen mit Br\u00fcchen<\/a><\/p>\n\n\n\n<p><a href=\"https:\/\/003.lmvz.ch\/lehrmittelsites\/mathe_sek\/data\/mathsek1_docs\/simulationen2\/a1_1_1_1\/bruchgleichung.html\">Gleichungen mit Br\u00fcchen (Gleichungsl\u00f6ser)<\/a><\/p>\n\n\n\n<p>&#8211;> funktioniert nur mit Firefox und Safari<\/p>\n\n\n\n<p class=\"has-medium-font-size\"><strong>Zu Aufgabe 4.1:<\/strong><\/p>\n\n\n\n<p><a href=\"https:\/\/003.lmvz.ch\/lehrmittelsites\/mathe_sek\/data\/mathsek1_trainer2\/a1_1_3_4_1.html\">Quadratzahlen<\/a><\/p>\n\n\n\n<p class=\"has-medium-font-size\"><strong>Zu Aufgabe 7.1:<\/strong><\/p>\n\n\n\n<p><a href=\"https:\/\/003.lmvz.ch\/lehrmittelsites\/mathe_sek\/data\/mathsek1_trainer2\/a1_1_3_7_1.html\">Wurzelrechnungen<\/a><\/p>\n\n\n\n<p class=\"has-medium-font-size\"><strong>Zu Aufgabe 7.2:<\/strong><\/p>\n\n\n\n<p><a href=\"https:\/\/003.lmvz.ch\/lehrmittelsites\/mathe_sek\/data\/mathsek1_trainer2\/a1_1_3_7_2.html\">Potenzen und Wurzeln<\/a><\/p>\n\n\n\n<p>Zu Aufgabe 7.3:<\/p>\n\n\n\n<p><a href=\"https:\/\/003.lmvz.ch\/lehrmittelsites\/mathe_sek\/data\/mathsek1_trainer2\/a3_1_3_7_3.html\">Wurzeln, Potenzen und Taschenrechner<\/a><\/p>\n\n\n\n<p class=\"has-medium-font-size\"><strong>Zu Aufgabe 7.5:<\/strong><\/p>\n\n\n\n<p><a href=\"https:\/\/003.lmvz.ch\/lehrmittelsites\/mathe_sek\/data\/mathsek1_trainer2\/a1_1_3_7_5.html\">Wurzeln, Potenzen und Taschenrechner<\/a><\/p>\n","protected":false},"excerpt":{"rendered":"<p>Zu Aufgabe 1.1: Gleichungen mit Br\u00fcchen Gleichungen mit Br\u00fcchen (Gleichungsl\u00f6ser) &#8211;> funktioniert nur mit Firefox und Safari Zu Aufgabe 4.1:<\/p>\n","protected":false},"author":1,"featured_media":0,"parent":0,"menu_order":0,"comment_status":"closed","ping_status":"closed","template":"","meta":{"colormag_page_container_layout":"default_layout","colormag_page_sidebar_layout":"default_layout","footnotes":""},"class_list":["post-192","page","type-page","status-publish","hentry"],"_links":{"self":[{"href":"https:\/\/mathematerial.ch\/index.php?rest_route=\/wp\/v2\/pages\/192","targetHints":{"allow":["GET"]}}],"collection":[{"href":"https:\/\/mathematerial.ch\/index.php?rest_route=\/wp\/v2\/pages"}],"about":[{"href":"https:\/\/mathematerial.ch\/index.php?rest_route=\/wp\/v2\/types\/page"}],"author":[{"embeddable":true,"href":"https:\/\/mathematerial.ch\/index.php?rest_route=\/wp\/v2\/users\/1"}],"replies":[{"embeddable":true,"href":"https:\/\/mathematerial.ch\/index.php?rest_route=%2Fwp%2Fv2%2Fcomments&post=192"}],"version-history":[{"count":5,"href":"https:\/\/mathematerial.ch\/index.php?rest_route=\/wp\/v2\/pages\/192\/revisions"}],"predecessor-version":[{"id":456,"href":"https:\/\/mathematerial.ch\/index.php?rest_route=\/wp\/v2\/pages\/192\/revisions\/456"}],"wp:attachment":[{"href":"https:\/\/mathematerial.ch\/index.php?rest_route=%2Fwp%2Fv2%2Fmedia&parent=192"}],"curies":[{"name":"wp","href":"https:\/\/api.w.org\/{rel}","templated":true}]}}