{"id":182,"date":"2023-05-15T10:29:58","date_gmt":"2023-05-15T10:29:58","guid":{"rendered":"https:\/\/mathematerial.ch\/?page_id=182"},"modified":"2023-05-31T08:17:51","modified_gmt":"2023-05-31T08:17:51","slug":"9b-volumen-und-oberflaecheninhalt","status":"publish","type":"page","link":"https:\/\/mathematerial.ch\/?page_id=182","title":{"rendered":"9b. Volumen und Oberfl\u00e4cheninhalt"},"content":{"rendered":"\n<p class=\"has-medium-font-size\"><strong>Themenbuch:<\/strong><\/p>\n\n\n\n<p><a href=\"https:\/\/003.lmvz.ch\/lehrmittelsites\/mathe_sek\/data\/mathsek1_docs\/geogebra\/M1_9b_faltschachtel.html\">Faltschachtel<\/a><\/p>\n\n\n\n<p class=\"has-medium-font-size\"><strong>Zu Aufgabe 2.4:<\/strong><\/p>\n\n\n\n<p><a href=\"https:\/\/003.lmvz.ch\/lehrmittelsites\/mathe_sek\/data\/mathsek1_trainer\/a1_9_2_2_4.html\">Volumen W\u00fcrfel und Quader<\/a><\/p>\n\n\n\n<p class=\"has-medium-font-size\"><strong>Zu Aufgabe 3.1:<\/strong><\/p>\n\n\n\n<p><a href=\"https:\/\/003.lmvz.ch\/lehrmittelsites\/mathe_sek\/data\/mathsek1_trainer\/a1_9_2_3_1.html\">Volumen K\u00f6rper<\/a><\/p>\n\n\n\n<p class=\"has-medium-font-size\"><strong>Zu Aufgabe 6.1:<\/strong><\/p>\n\n\n\n<p><a href=\"https:\/\/003.lmvz.ch\/lehrmittelsites\/mathe_sek\/data\/mathsek1_trainer\/a1_9_2_6_1.html\">Oberfl\u00e4cheninhalt Quader<\/a><\/p>\n\n\n\n<p class=\"has-medium-font-size\"><strong>Zu Aufgabe 7.1:<\/strong><\/p>\n\n\n\n<p><a href=\"https:\/\/003.lmvz.ch\/lehrmittelsites\/mathe_sek\/data\/mathsek1_trainer\/a1_9_2_7_1.html\">Oberfl\u00e4cheninhalt K\u00f6rper<\/a><\/p>\n\n\n\n<p class=\"has-medium-font-size\"><strong>Zu Aufgabe 8.1b:<\/strong><\/p>\n\n\n\n<p><a href=\"https:\/\/003.lmvz.ch\/lehrmittelsites\/mathe_sek\/data\/mathsek1_docs\/geogebra\/M1_9b_quader_und_quadernetz.html\">Quader und Quadernetz<\/a><\/p>\n\n\n\n<p class=\"has-medium-font-size\"><strong>Zu Aufgabe 8.3b:<\/strong><\/p>\n\n\n\n<p><a href=\"https:\/\/003.lmvz.ch\/lehrmittelsites\/mathe_sek\/data\/mathsek1_docs\/geogebra\/M1_9b_quader_und_quadernetz.html\">Quader und Quadernetz<\/a><\/p>\n","protected":false},"excerpt":{"rendered":"<p>Themenbuch: Faltschachtel Zu Aufgabe 2.4: Volumen W\u00fcrfel und Quader Zu Aufgabe 3.1: Volumen K\u00f6rper Zu Aufgabe 6.1: Oberfl\u00e4cheninhalt Quader Zu<\/p>\n","protected":false},"author":1,"featured_media":0,"parent":0,"menu_order":0,"comment_status":"closed","ping_status":"closed","template":"","meta":{"colormag_page_container_layout":"default_layout","colormag_page_sidebar_layout":"default_layout","footnotes":""},"class_list":["post-182","page","type-page","status-publish","hentry"],"_links":{"self":[{"href":"https:\/\/mathematerial.ch\/index.php?rest_route=\/wp\/v2\/pages\/182","targetHints":{"allow":["GET"]}}],"collection":[{"href":"https:\/\/mathematerial.ch\/index.php?rest_route=\/wp\/v2\/pages"}],"about":[{"href":"https:\/\/mathematerial.ch\/index.php?rest_route=\/wp\/v2\/types\/page"}],"author":[{"embeddable":true,"href":"https:\/\/mathematerial.ch\/index.php?rest_route=\/wp\/v2\/users\/1"}],"replies":[{"embeddable":true,"href":"https:\/\/mathematerial.ch\/index.php?rest_route=%2Fwp%2Fv2%2Fcomments&post=182"}],"version-history":[{"count":3,"href":"https:\/\/mathematerial.ch\/index.php?rest_route=\/wp\/v2\/pages\/182\/revisions"}],"predecessor-version":[{"id":426,"href":"https:\/\/mathematerial.ch\/index.php?rest_route=\/wp\/v2\/pages\/182\/revisions\/426"}],"wp:attachment":[{"href":"https:\/\/mathematerial.ch\/index.php?rest_route=%2Fwp%2Fv2%2Fmedia&parent=182"}],"curies":[{"name":"wp","href":"https:\/\/api.w.org\/{rel}","templated":true}]}}