{"id":152,"date":"2023-05-15T09:57:38","date_gmt":"2023-05-15T09:57:38","guid":{"rendered":"https:\/\/mathematerial.ch\/?page_id=152"},"modified":"2024-02-08T13:29:38","modified_gmt":"2024-02-08T13:29:38","slug":"5-regelmaessigkeiten-des-zufalls","status":"publish","type":"page","link":"https:\/\/mathematerial.ch\/?page_id=152","title":{"rendered":"5. Regelm\u00e4ssigkeiten des Zufalls"},"content":{"rendered":"\n<p class=\"has-medium-font-size\"><strong>Themenbuch:<\/strong><\/p>\n\n\n\n<p class=\"has-medium-font-size\"><strong>Zu Aufgabe 2b:<\/strong><\/p>\n\n\n\n<p><a href=\"https:\/\/003.lmvz.ch\/lehrmittelsites\/mathe_sek\/data\/mathsek1_docs\/simulationen\/a5_1_2\/a5_1_2.html\">W\u00fcrfelwurf: Relative H\u00e4ufigkeit<\/a><\/p>\n\n\n\n<p class=\"has-medium-font-size\"><strong>Zu Aufgabe 4c:<\/strong><\/p>\n\n\n\n<p><a href=\"https:\/\/003.lmvz.ch\/lehrmittelsites\/mathe_sek\/data\/mathsek1_docs\/simulationen\/a5_1_4\/a5_1_4.html\">Zwei M\u00fcnzen: Relative H\u00e4ufigkeit<\/a><\/p>\n\n\n\n<p class=\"has-medium-font-size\"><strong>Einen M\u00fcnzenwurfgenerator findest Du <a href=\"https:\/\/scratch.mit.edu\/projects\/963266496\">hier.<\/a><\/strong><\/p>\n\n\n\n<p class=\"has-medium-font-size\"><strong>Zu Aufgabe 6d: <\/strong><\/p>\n\n\n\n<p><a href=\"https:\/\/003.lmvz.ch\/lehrmittelsites\/mathe_sek\/data\/mathsek1_docs\/simulationen\/a5_1_6\/a5_1_6.html\">Ballziehung: Liniendiagramm<\/a><\/p>\n\n\n\n<p class=\"has-medium-font-size\"><strong>Arbeitsheft:<\/strong><\/p>\n\n\n\n<p class=\"has-medium-font-size\"><strong>Zu Aufgabe 1.1d:<\/strong><\/p>\n\n\n\n<p><a href=\"https:\/\/003.lmvz.ch\/lehrmittelsites\/mathe_sek\/data\/mathsek1_docs\/simulationen\/a5_1_1_1\/a5_1_1_1.html\">M\u00fcnzwurf: Absolute H\u00e4ufigkeit<\/a><\/p>\n\n\n\n<p class=\"has-medium-font-size\"><strong>Zu Aufgabe 2.1:<\/strong><\/p>\n\n\n\n<p><a href=\"https:\/\/003.lmvz.ch\/lehrmittelsites\/mathe_sek\/data\/mathsek1_trainer\/a1_5_1_2_1.html\">Relative H\u00e4ufigkeit: Bruch und Prozent<\/a><\/p>\n\n\n\n<p class=\"has-medium-font-size\"><strong>Zu Aufgabe 2.2:<\/strong><\/p>\n\n\n\n<p><a href=\"https:\/\/003.lmvz.ch\/lehrmittelsites\/mathe_sek\/data\/mathsek1_trainer\/a2_5_1_2_2.html\">Relative H\u00e4ufigkeit: Bruch und Prozent<\/a><\/p>\n\n\n\n<p class=\"has-medium-font-size\"><strong>Zu Aufgabe 2.4:<\/strong><\/p>\n\n\n\n<p><a href=\"https:\/\/003.lmvz.ch\/lehrmittelsites\/mathe_sek\/data\/mathsek1_docs\/simulationen\/a5\/a5.html\">Kugelziehung: Relative H\u00e4ufigkeit<\/a><\/p>\n\n\n\n<p class=\"has-medium-font-size\"><strong>Zu Aufgabe 4.1c:<\/strong><\/p>\n\n\n\n<p><a href=\"https:\/\/003.lmvz.ch\/lehrmittelsites\/mathe_sek\/data\/mathsek1_docs\/simulationen\/a5_1_4_1\/a5_1_4_1.html\">Augensumme: Relative H\u00e4ufigkeit<\/a><\/p>\n\n\n\n<p class=\"has-medium-font-size\"><strong>Zu Aufgabe 6.1:<\/strong><\/p>\n\n\n\n<p><a href=\"https:\/\/003.lmvz.ch\/lehrmittelsites\/mathe_sek\/data\/mathsek1_docs\/simulationen\/a5_1_6_1\/a5_1_6_1.html\">M\u00fcnzwurf: Liniendiagramm<\/a><\/p>\n","protected":false},"excerpt":{"rendered":"<p>Themenbuch: Zu Aufgabe 2b: W\u00fcrfelwurf: Relative H\u00e4ufigkeit Zu Aufgabe 4c: Zwei M\u00fcnzen: Relative H\u00e4ufigkeit Einen M\u00fcnzenwurfgenerator findest Du hier. Zu<\/p>\n","protected":false},"author":1,"featured_media":0,"parent":0,"menu_order":0,"comment_status":"closed","ping_status":"closed","template":"","meta":{"colormag_page_container_layout":"default_layout","colormag_page_sidebar_layout":"default_layout","footnotes":""},"class_list":["post-152","page","type-page","status-publish","hentry"],"_links":{"self":[{"href":"https:\/\/mathematerial.ch\/index.php?rest_route=\/wp\/v2\/pages\/152","targetHints":{"allow":["GET"]}}],"collection":[{"href":"https:\/\/mathematerial.ch\/index.php?rest_route=\/wp\/v2\/pages"}],"about":[{"href":"https:\/\/mathematerial.ch\/index.php?rest_route=\/wp\/v2\/types\/page"}],"author":[{"embeddable":true,"href":"https:\/\/mathematerial.ch\/index.php?rest_route=\/wp\/v2\/users\/1"}],"replies":[{"embeddable":true,"href":"https:\/\/mathematerial.ch\/index.php?rest_route=%2Fwp%2Fv2%2Fcomments&post=152"}],"version-history":[{"count":3,"href":"https:\/\/mathematerial.ch\/index.php?rest_route=\/wp\/v2\/pages\/152\/revisions"}],"predecessor-version":[{"id":593,"href":"https:\/\/mathematerial.ch\/index.php?rest_route=\/wp\/v2\/pages\/152\/revisions\/593"}],"wp:attachment":[{"href":"https:\/\/mathematerial.ch\/index.php?rest_route=%2Fwp%2Fv2%2Fmedia&parent=152"}],"curies":[{"name":"wp","href":"https:\/\/api.w.org\/{rel}","templated":true}]}}