{"id":150,"date":"2023-05-15T09:57:17","date_gmt":"2023-05-15T09:57:17","guid":{"rendered":"https:\/\/mathematerial.ch\/?page_id=150"},"modified":"2023-05-31T06:47:34","modified_gmt":"2023-05-31T06:47:34","slug":"4b-koerper-und-ihre-ansichten","status":"publish","type":"page","link":"https:\/\/mathematerial.ch\/?page_id=150","title":{"rendered":"4b. K\u00f6rper und ihre Ansichten"},"content":{"rendered":"\n<p class=\"has-medium-font-size\"><strong>Zu Aufgabe 2.1:<\/strong><\/p>\n\n\n\n<p><a href=\"https:\/\/003.lmvz.ch\/lehrmittelsites\/mathe_sek\/data\/mathsek1_docs\/simulationen\/a4_2_2_1\/a4_2_2_1.html\">W\u00fcrfelk\u00f6rper drehen und kippen<\/a><\/p>\n\n\n\n<p class=\"has-medium-font-size\"><strong>Zu Aufgabe 2.3:<\/strong><\/p>\n\n\n\n<p><a href=\"https:\/\/003.lmvz.ch\/lehrmittelsites\/mathe_sek\/data\/mathsek1_docs\/simulationen\/a4_2_2_4\/a4_2_2_4.html\">W\u00fcrfelk\u00f6rper bauen 1<\/a><\/p>\n\n\n\n<p class=\"has-medium-font-size\"><strong>Zu Aufgabe 2.4:<\/strong><\/p>\n\n\n\n<p><a href=\"https:\/\/003.lmvz.ch\/lehrmittelsites\/mathe_sek\/data\/mathsek1_docs\/simulationen\/a4_2_2_4\/a4_2_2_4.html\">W\u00fcrfelk\u00f6rper bauen<\/a><\/p>\n\n\n\n<p class=\"has-medium-font-size\"><strong>Zu Aufgabe 3.1:<\/strong><\/p>\n\n\n\n<p><a href=\"https:\/\/003.lmvz.ch\/lehrmittelsites\/mathe_sek\/data\/mathsek1_docs\/simulationen\/a4_2_3_1\/a4_2_3_1.html\">Gleiche W\u00fcrfelk\u00f6rper<\/a><\/p>\n\n\n\n<p class=\"has-medium-font-size\"><strong>Zu Aufgabe 4.3:<\/strong><\/p>\n\n\n\n<p><a href=\"https:\/\/003.lmvz.ch\/lehrmittelsites\/mathe_sek\/data\/mathsek1_docs\/simulationen\/a4_2_4_3\/a4_2_4_3.html\">Ansichten zuordnen<\/a><\/p>\n\n\n\n<p class=\"has-medium-font-size\"><strong>Zu Aufgabe 5.1:<\/strong><\/p>\n\n\n\n<p><a href=\"https:\/\/003.lmvz.ch\/lehrmittelsites\/mathe_sek\/data\/mathsek1_docs\/simulationen\/a4_2_5_1\/a4_2_5_1.html\">W\u00fcrfelk\u00f6rperansichten<\/a><\/p>\n\n\n\n<p class=\"has-medium-font-size\"><strong>Zu Aufgabe 5.2:<\/strong><\/p>\n\n\n\n<p><a href=\"https:\/\/003.lmvz.ch\/lehrmittelsites\/mathe_sek\/data\/mathsek1_docs\/simulationen\/a4_2_5_2\/a4_2_5_2.html\">W\u00fcrfelk\u00f6rper drehen<\/a><\/p>\n\n\n\n<p class=\"has-medium-font-size\"><strong>Zu Aufgabe 6.2:<\/strong><\/p>\n\n\n\n<p><a href=\"https:\/\/003.lmvz.ch\/lehrmittelsites\/mathe_sek\/data\/mathsek1_docs\/simulationen\/a4_2_6_2\/a4_2_6_2.html\">W\u00fcrfelk\u00f6rper bauen 2<\/a><\/p>\n\n\n\n<p class=\"has-medium-font-size\"><strong>Zu Aufgabe 7.1:<\/strong><\/p>\n\n\n\n<p><a href=\"https:\/\/003.lmvz.ch\/lehrmittelsites\/mathe_sek\/data\/mathsek1_docs\/simulationen\/a4_2_7_1\/a4_2_7_1.html\">K\u00f6rper aus Ansichten<\/a><\/p>\n\n\n\n<p class=\"has-medium-font-size\"><strong>Zu Aufgabe 7.2:<\/strong><\/p>\n\n\n\n<p><a href=\"https:\/\/003.lmvz.ch\/lehrmittelsites\/mathe_sek\/data\/mathsek1_docs\/simulationen\/a4_2_7_2\/a4_2_7_2.html\">K\u00f6rper drehen und Kippen<\/a><\/p>\n\n\n\n<p class=\"has-medium-font-size\"><strong>Zu Aufgabe 7.3:<\/strong><\/p>\n\n\n\n<p><a href=\"https:\/\/003.lmvz.ch\/lehrmittelsites\/mathe_sek\/data\/mathsek1_docs\/simulationen\/a4_2_7_3\/a4_2_7_3.html\">Fl\u00e4chen zuordnen<\/a><\/p>\n","protected":false},"excerpt":{"rendered":"<p>Zu Aufgabe 2.1: W\u00fcrfelk\u00f6rper drehen und kippen Zu Aufgabe 2.3: W\u00fcrfelk\u00f6rper bauen 1 Zu Aufgabe 2.4: W\u00fcrfelk\u00f6rper bauen Zu Aufgabe<\/p>\n","protected":false},"author":1,"featured_media":0,"parent":0,"menu_order":0,"comment_status":"closed","ping_status":"closed","template":"","meta":{"colormag_page_container_layout":"default_layout","colormag_page_sidebar_layout":"default_layout","footnotes":""},"class_list":["post-150","page","type-page","status-publish","hentry"],"_links":{"self":[{"href":"https:\/\/mathematerial.ch\/index.php?rest_route=\/wp\/v2\/pages\/150","targetHints":{"allow":["GET"]}}],"collection":[{"href":"https:\/\/mathematerial.ch\/index.php?rest_route=\/wp\/v2\/pages"}],"about":[{"href":"https:\/\/mathematerial.ch\/index.php?rest_route=\/wp\/v2\/types\/page"}],"author":[{"embeddable":true,"href":"https:\/\/mathematerial.ch\/index.php?rest_route=\/wp\/v2\/users\/1"}],"replies":[{"embeddable":true,"href":"https:\/\/mathematerial.ch\/index.php?rest_route=%2Fwp%2Fv2%2Fcomments&post=150"}],"version-history":[{"count":2,"href":"https:\/\/mathematerial.ch\/index.php?rest_route=\/wp\/v2\/pages\/150\/revisions"}],"predecessor-version":[{"id":393,"href":"https:\/\/mathematerial.ch\/index.php?rest_route=\/wp\/v2\/pages\/150\/revisions\/393"}],"wp:attachment":[{"href":"https:\/\/mathematerial.ch\/index.php?rest_route=%2Fwp%2Fv2%2Fmedia&parent=150"}],"curies":[{"name":"wp","href":"https:\/\/api.w.org\/{rel}","templated":true}]}}