{"id":138,"date":"2023-05-15T09:55:12","date_gmt":"2023-05-15T09:55:12","guid":{"rendered":"https:\/\/mathematerial.ch\/?page_id=138"},"modified":"2023-11-15T15:44:46","modified_gmt":"2023-11-15T15:44:46","slug":"3b-groessen-und-prozente","status":"publish","type":"page","link":"https:\/\/mathematerial.ch\/?page_id=138","title":{"rendered":"3b. Gr\u00f6ssen und Prozente"},"content":{"rendered":"\n<p class=\"has-medium-font-size\"><strong>Lernvideo zu L\u00e4ngenmassen:<\/strong><\/p>\n\n\n\n<figure class=\"wp-block-video\"><video height=\"360\" style=\"aspect-ratio: 640 \/ 360;\" width=\"640\" controls src=\"https:\/\/mathematerial.ch\/wp-content\/uploads\/2023\/11\/Laengenmasse-definitiv.mov\"><\/video><\/figure>\n\n\n\n<p class=\"has-medium-font-size\"><strong>Zu Aufgabe 1.1:<\/strong><\/p>\n\n\n\n<p><a href=\"https:\/\/003.lmvz.ch\/lehrmittelsites\/mathe_sek\/data\/mathsek1_docs\/simulationen\/a3_2_1_1\/a3_2_1_1.html\">L\u00e4ngen sch\u00e4tzen<\/a><\/p>\n\n\n\n<p class=\"has-medium-font-size\"><strong>Zu Aufgabe 1.3:<\/strong><\/p>\n\n\n\n<p><a href=\"https:\/\/003.lmvz.ch\/lehrmittelsites\/mathe_sek\/data\/mathsek1_trainer\/a1_3_2_1_3.html\">L\u00e4ngen umrechnen<\/a><\/p>\n\n\n\n<p class=\"has-medium-font-size\"><strong>Zu Aufgabe 2.1:<\/strong><\/p>\n\n\n\n<p><a href=\"https:\/\/003.lmvz.ch\/lehrmittelsites\/mathe_sek\/data\/mathsek1_docs\/simulationen\/a3_2_2_1\/a3_2_2_1.html\">Hohlmasse sch\u00e4tzen<\/a><\/p>\n\n\n\n<p class=\"has-medium-font-size\"><strong>Zu Aufgabe 2.3:<\/strong><\/p>\n\n\n\n<p><a href=\"https:\/\/003.lmvz.ch\/lehrmittelsites\/mathe_sek\/data\/mathsek1_trainer\/a1_3_2_2_3.html\">Hohlmasse umrechnen<\/a><\/p>\n\n\n\n<p class=\"has-medium-font-size\"><strong>Zu Aufgabe 3.1:<\/strong><\/p>\n\n\n\n<p><a href=\"https:\/\/003.lmvz.ch\/lehrmittelsites\/mathe_sek\/data\/mathsek1_docs\/simulationen\/a3_2_3_1\/a3_2_3_1.html\">Gewichte sch\u00e4tzen<\/a><\/p>\n\n\n\n<p class=\"has-medium-font-size\"><strong>Zu Aufgabe 3.3:<\/strong><\/p>\n\n\n\n<p><a href=\"https:\/\/003.lmvz.ch\/lehrmittelsites\/mathe_sek\/data\/mathsek1_trainer\/a1_3_2_3_3.html\">Gewichte umrechnen<\/a><\/p>\n\n\n\n<p class=\"has-medium-font-size\"><strong>Zu Aufgabe 3.5:<\/strong><\/p>\n\n\n\n<p><a href=\"https:\/\/003.lmvz.ch\/lehrmittelsites\/mathe_sek\/data\/mathsek1_trainer\/a1_3_2_3_5.html\">Gemischte Gr\u00f6ssen: Operationen<\/a><\/p>\n\n\n\n<p class=\"has-medium-font-size\"><strong>Zu Aufgabe 4.6:<\/strong><\/p>\n\n\n\n<p><a href=\"https:\/\/003.lmvz.ch\/lehrmittelsites\/mathe_sek\/data\/mathsek1_trainer\/a1_3_2_4_6.html\">Zeiten umrechnen<\/a><\/p>\n\n\n\n<p class=\"has-medium-font-size\"><strong>Zu Aufgabe 4.7:<\/strong><\/p>\n\n\n\n<p><a href=\"https:\/\/003.lmvz.ch\/lehrmittelsites\/mathe_sek\/data\/mathsek1_trainer\/a1_3_2_4_7.html\">Gemischte Gr\u00f6ssen: Umrechnungen<\/a><\/p>\n\n\n\n<p class=\"has-medium-font-size\"><strong>Zu Aufgabe 6.2:<\/strong><\/p>\n\n\n\n<p><a href=\"https:\/\/003.lmvz.ch\/lehrmittelsites\/mathe_sek\/data\/mathsek1_trainer\/a1_3_2_6_2.html\">Prozentanteile von L\u00e4ngen<\/a><\/p>\n\n\n\n<p class=\"has-medium-font-size\"><strong>Zu Aufgabe 7.1:<\/strong><\/p>\n\n\n\n<p><a href=\"https:\/\/003.lmvz.ch\/lehrmittelsites\/mathe_sek\/data\/mathsek1_trainer\/a1_3_2_7_1.html\">Bruch und Prozent<\/a><\/p>\n\n\n\n<p class=\"has-medium-font-size\"><strong>Zu Aufgabe 8.2:<\/strong><\/p>\n\n\n\n<p><a href=\"https:\/\/003.lmvz.ch\/lehrmittelsites\/mathe_sek\/data\/mathsek1_trainer\/a1_3_2_8_2.html\">Anteile von Gr\u00f6ssen<\/a><\/p>\n","protected":false},"excerpt":{"rendered":"<p>Lernvideo zu L\u00e4ngenmassen: Zu Aufgabe 1.1: L\u00e4ngen sch\u00e4tzen Zu Aufgabe 1.3: L\u00e4ngen umrechnen Zu Aufgabe 2.1: Hohlmasse sch\u00e4tzen Zu Aufgabe<\/p>\n","protected":false},"author":1,"featured_media":0,"parent":0,"menu_order":0,"comment_status":"closed","ping_status":"closed","template":"","meta":{"colormag_page_container_layout":"default_layout","colormag_page_sidebar_layout":"default_layout","footnotes":""},"class_list":["post-138","page","type-page","status-publish","hentry"],"_links":{"self":[{"href":"https:\/\/mathematerial.ch\/index.php?rest_route=\/wp\/v2\/pages\/138","targetHints":{"allow":["GET"]}}],"collection":[{"href":"https:\/\/mathematerial.ch\/index.php?rest_route=\/wp\/v2\/pages"}],"about":[{"href":"https:\/\/mathematerial.ch\/index.php?rest_route=\/wp\/v2\/types\/page"}],"author":[{"embeddable":true,"href":"https:\/\/mathematerial.ch\/index.php?rest_route=\/wp\/v2\/users\/1"}],"replies":[{"embeddable":true,"href":"https:\/\/mathematerial.ch\/index.php?rest_route=%2Fwp%2Fv2%2Fcomments&post=138"}],"version-history":[{"count":4,"href":"https:\/\/mathematerial.ch\/index.php?rest_route=\/wp\/v2\/pages\/138\/revisions"}],"predecessor-version":[{"id":591,"href":"https:\/\/mathematerial.ch\/index.php?rest_route=\/wp\/v2\/pages\/138\/revisions\/591"}],"wp:attachment":[{"href":"https:\/\/mathematerial.ch\/index.php?rest_route=%2Fwp%2Fv2%2Fmedia&parent=138"}],"curies":[{"name":"wp","href":"https:\/\/api.w.org\/{rel}","templated":true}]}}