{"id":132,"date":"2023-05-15T09:54:29","date_gmt":"2023-05-15T09:54:29","guid":{"rendered":"https:\/\/mathematerial.ch\/?page_id=132"},"modified":"2024-06-03T14:30:46","modified_gmt":"2024-06-03T14:30:46","slug":"2b-variablen","status":"publish","type":"page","link":"https:\/\/mathematerial.ch\/?page_id=132","title":{"rendered":"2b. Variablen"},"content":{"rendered":"\n<p style=\"font-size:17px\">Variablen f\u00fchren die Buchstaben in die Mathe ein. Der Begriff &#8222;variabel&#8220; bedeutet ver\u00e4nderbar. Darum kann ich mit Variablen Terme, Gleichungen und Formeln herstellen, welche beliebig ver\u00e4nderbar sind.<\/p>\n\n\n\n<p style=\"font-size:17px\">Beispiel: Ich habe 5 \u00c4pfel bedeutet, dass ich GENAU f\u00fcnf \u00c4pfel habe. Wenn ich a \u00c4pfel habe, dann ist das ein beliebiger Wert. F\u00fcr a=4 bedeutet das, ich habe vier \u00c4pfel. F\u00fcr a=7 bedeutet das, ich habe 7 \u00c4pfel etc.<\/p>\n\n\n\n<p style=\"font-size:17px\">Du kannst mit Buchstaben gleich wie mit Zahlen rechnen. Achte Dich auf folgende Punkte:<\/p>\n\n\n\n<p style=\"font-size:17px\">-Du kannst nur Gleiches mit Gleichem rechnen. z.B. a + 3a = 4a<\/p>\n\n\n\n<p style=\"font-size:17px\">-Wenn Du verschiedene Einheiten hast, darfst Du die nicht vermischen. 2a + 3 bleibt 2a + 3, da es verschiedene Einheiten sind.<\/p>\n\n\n\n<p style=\"font-size:17px\">-Lies die Aufgaben GENAU durch. &#8222;Du hast b Birnen&#8220; bedeutet b. &#8222;Du hast 3 Mal so viel Birnen&#8220; bedeutet 3b. Aber &#8222;Du hast 3 Birnen mehr&#8220; bedeutet b + 3.<\/p>\n\n\n\n<p class=\"has-medium-font-size\">Zu Aufgabe 2.1.:<\/p>\n\n\n\n<p>\u00dcberlege Dir zuerst, was genau &#8222;Grundgeb\u00fchr&#8220; und was &#8222;Minutengeb\u00fchr bedeutet. Welche der beiden sind ver\u00e4nderlich (variabel) und welche nicht.<\/p>\n\n\n\n<p><\/p>\n","protected":false},"excerpt":{"rendered":"<p>Variablen f\u00fchren die Buchstaben in die Mathe ein. Der Begriff &#8222;variabel&#8220; bedeutet ver\u00e4nderbar. Darum kann ich mit Variablen Terme, Gleichungen<\/p>\n","protected":false},"author":1,"featured_media":0,"parent":0,"menu_order":0,"comment_status":"closed","ping_status":"closed","template":"","meta":{"colormag_page_container_layout":"default_layout","colormag_page_sidebar_layout":"default_layout","footnotes":""},"class_list":["post-132","page","type-page","status-publish","hentry"],"_links":{"self":[{"href":"https:\/\/mathematerial.ch\/index.php?rest_route=\/wp\/v2\/pages\/132","targetHints":{"allow":["GET"]}}],"collection":[{"href":"https:\/\/mathematerial.ch\/index.php?rest_route=\/wp\/v2\/pages"}],"about":[{"href":"https:\/\/mathematerial.ch\/index.php?rest_route=\/wp\/v2\/types\/page"}],"author":[{"embeddable":true,"href":"https:\/\/mathematerial.ch\/index.php?rest_route=\/wp\/v2\/users\/1"}],"replies":[{"embeddable":true,"href":"https:\/\/mathematerial.ch\/index.php?rest_route=%2Fwp%2Fv2%2Fcomments&post=132"}],"version-history":[{"count":4,"href":"https:\/\/mathematerial.ch\/index.php?rest_route=\/wp\/v2\/pages\/132\/revisions"}],"predecessor-version":[{"id":634,"href":"https:\/\/mathematerial.ch\/index.php?rest_route=\/wp\/v2\/pages\/132\/revisions\/634"}],"wp:attachment":[{"href":"https:\/\/mathematerial.ch\/index.php?rest_route=%2Fwp%2Fv2%2Fmedia&parent=132"}],"curies":[{"name":"wp","href":"https:\/\/api.w.org\/{rel}","templated":true}]}}