{"id":130,"date":"2023-05-15T09:54:18","date_gmt":"2023-05-15T09:54:18","guid":{"rendered":"https:\/\/mathematerial.ch\/?page_id=130"},"modified":"2023-07-31T09:17:35","modified_gmt":"2023-07-31T09:17:35","slug":"2a-potenzen-regeln-und-gesetze","status":"publish","type":"page","link":"https:\/\/mathematerial.ch\/?page_id=130","title":{"rendered":"2a. Potenzen \/ Regeln und Gesetze"},"content":{"rendered":"\n<p class=\"has-medium-font-size\"><strong>Zu Aufgabe 2.1:<\/strong><\/p>\n\n\n\n<p><a href=\"https:\/\/003.lmvz.ch\/lehrmittelsites\/mathe_sek\/data\/mathsek1_trainer\/a1_2_1_2_1.html\">Potenzen ausrechnen<\/a><\/p>\n\n\n\n<p class=\"has-luminous-vivid-amber-background-color has-background has-medium-font-size\"><strong>Bei Potenzen heisst die Zahl, welche ich multipliziere, BASIS. Wie viel Mal ich die Basis mit sich selber multiplizieren muss, ist in der Hochzahl drin. Diese Zahl nennt sich EXPONENT.<\/strong><\/p>\n\n\n\n<figure class=\"wp-block-image aligncenter size-full is-resized\"><img loading=\"lazy\" decoding=\"async\" src=\"https:\/\/mathematerial.ch\/wp-content\/uploads\/2023\/07\/image.png\" alt=\"\" class=\"wp-image-503\" width=\"197\" height=\"119\" srcset=\"https:\/\/mathematerial.ch\/wp-content\/uploads\/2023\/07\/image.png 788w, https:\/\/mathematerial.ch\/wp-content\/uploads\/2023\/07\/image-300x180.png 300w, https:\/\/mathematerial.ch\/wp-content\/uploads\/2023\/07\/image-768x462.png 768w\" sizes=\"auto, (max-width: 197px) 100vw, 197px\" \/><\/figure>\n\n\n\n<p class=\"has-medium-font-size\"><strong>Zu Aufgabe 2.2:<\/strong><\/p>\n\n\n\n<p><a href=\"https:\/\/003.lmvz.ch\/lehrmittelsites\/mathe_sek\/data\/mathsek1_trainer\/a1_2_1_2_2.html\">Als Potenz schreiben<\/a><\/p>\n\n\n\n<p class=\"has-medium-font-size\"><strong>Niveau I Zu Aufgabe 3.2:<\/strong><\/p>\n\n\n\n<p><a href=\"https:\/\/003.lmvz.ch\/lehrmittelsites\/mathe_sek\/data\/mathsek1_trainer\/a1_2_1_3_2.html\">Potenzen vergleichen<\/a><\/p>\n\n\n\n<p>\u00dcberlege Dir zuerst aus dem Bauchgef\u00fchl, was stimmen k\u00f6nnte. Rechne im Anschluss die Aufgabe und vergleiche, ob Du mit Deiner Sch\u00e4tzung richtig gelegen bist.<\/p>\n\n\n\n<p class=\"has-medium-font-size\"><strong>Zu Aufgabe 5.2:<\/strong><\/p>\n\n\n\n<p><a href=\"https:\/\/003.lmvz.ch\/lehrmittelsites\/mathe_sek\/data\/mathsek1_trainer\/a1_2_1_5_2.html\">&#8222;Strich&#8220; -Operatoren vertauschen<\/a><\/p>\n\n\n\n<p class=\"has-medium-font-size\"><strong>Zu Aufgabe 6.1:<\/strong><\/p>\n\n\n\n<p><a href=\"https:\/\/003.lmvz.ch\/lehrmittelsites\/mathe_sek\/data\/mathsek1_trainer\/a1_2_1_6_1.html\">&#8222;Punkt&#8220; &#8211; Operatoren vertauschen<\/a><\/p>\n\n\n\n<p class=\"has-medium-font-size\"><strong>Niveau I Zu Aufgabe 8.1:<\/strong><\/p>\n\n\n\n<p><a href=\"https:\/\/003.lmvz.ch\/lehrmittelsites\/mathe_sek\/data\/mathsek1_trainer\/a1_2_1_8_1.html\">Punkt vor Strich<\/a><\/p>\n\n\n\n<p>Achte Dich bei der Aufgabe auf &#8222;Punkt vor Strich&#8220;. Wenn Operationen h\u00f6herer Stufe (Multiplikation, Division) in der Klammer steht, dann ist diese unn\u00f6tig, da Du sowieso diese Rechnung zuerst rechnen musst.<\/p>\n\n\n\n<p class=\"has-medium-font-size\"><strong>Zu Aufgabe 8.4:<\/strong><\/p>\n\n\n\n<p class=\"has-luminous-vivid-amber-background-color has-background has-medium-font-size\"><strong>Kurzerkl\u00e4rung Distributivgesetz:<\/strong><\/p>\n\n\n\n<p class=\"has-luminous-vivid-amber-background-color has-background\">Das Distributivgesetz bedeutet auf deutsch \u00fcbersetzt &#8222;Verteilgesetz&#8220;. Dieses Gesetz besagt, dass Du in der Algebra Terme vereinfachen kannst, indem Du schaust, ob die einzelnen Summanden Gemeinsamkeiten haben. Diese kannst Du vor eine Klammer nehmen. Dieser Faktor ist anschliessend f\u00fcr alle Summanden in der Klammer drin g\u00fcltig.<\/p>\n\n\n\n<p class=\"has-black-color has-text-color has-medium-font-size\">Beispiel 1:<\/p>\n\n\n\n<p class=\"has-black-color has-text-color\"> <strong>3<\/strong>a + <strong>3<\/strong>b<\/p>\n\n\n\n<p>Hier hast Du die Zahl 3 gemeinsam. Deswegen kannst Du eine Klammer herstellen und diese Zahl aus der Klammer rausnehmen:<\/p>\n\n\n\n<p><strong>3<\/strong> * (a + b)<\/p>\n\n\n\n<p>Das Ausklammern funktioniert jedoch nur, wenn alle Summanden etwas gemeinsam haben.<\/p>\n\n\n\n<p class=\"has-medium-font-size\">Beispiel 2:<\/p>\n\n\n\n<p>3ab + 3b<\/p>\n\n\n\n<p>Hier hast Du 3 und b gemeinsam. Deswegen sieht der fertige Term anschliessend so aus:<\/p>\n\n\n\n<p>3b * (a + <strong>1<\/strong>)<\/p>\n\n\n\n<p>Wenn Du bei einem Summand alle Teile ausklammern kannst (hier z.B. 3b), dann bleibt die <strong>1<\/strong> als Platzhalter \u00fcbrig)<\/p>\n\n\n\n<p>Umgekehrt kann ich auch Klammern aufl\u00f6sen, indem ich die Faktoren vor der Klammer mit ALLEN Summanden innerhalb der Klammer multipliziere.<\/p>\n\n\n\n<p class=\"has-medium-font-size\">Beispiel 3:<\/p>\n\n\n\n<p><strong>5a<\/strong> * ( b + c)<\/p>\n\n\n\n<p>Hier multipliziere ich den Term &#8222;5a&#8220; in die Klammer. Das Resultat sieht so aus:<\/p>\n\n\n\n<p><strong>5a<\/strong>b + <strong>5a<\/strong>c<\/p>\n\n\n\n<p class=\"has-medium-font-size\"><strong>Zu Aufgabe 8.7:<\/strong><\/p>\n\n\n\n<p><a href=\"https:\/\/003.lmvz.ch\/lehrmittelsites\/mathe_sek\/data\/mathsek1_trainer\/a3_2_1_8_7.html\">Mit und ohne Klammern<\/a><\/p>\n\n\n\n<p class=\"has-medium-font-size\"><strong>Zu Aufgabe 8.8:<\/strong><\/p>\n\n\n\n<p><a href=\"https:\/\/003.lmvz.ch\/lehrmittelsites\/mathe_sek\/data\/mathsek1_trainer\/a1_2_1_8_8.html\">Mit und ohne Klammern<\/a><\/p>\n\n\n\n<p class=\"has-medium-font-size\"><strong>Niveau I Zu Aufgabe 9.1:<\/strong><\/p>\n\n\n\n<p>Rechne hier in der Reihenfolge, welche Du liest. Achte Dich dabei NICHT auf &#8222;Punkt vor Strich&#8220;!<\/p>\n\n\n\n<p class=\"has-medium-font-size\"><strong>Zu Aufgabe 10.1:<\/strong><\/p>\n\n\n\n<p><a href=\"https:\/\/003.lmvz.ch\/lehrmittelsites\/mathe_sek\/data\/mathsek1_trainer\/a2_2_1_10_1.html\">Geschickt rechnen<\/a><\/p>\n\n\n\n<p class=\"has-medium-font-size\"><strong>Zu Aufgabe 10.3:<\/strong><\/p>\n\n\n\n<p><a href=\"https:\/\/003.lmvz.ch\/lehrmittelsites\/mathe_sek\/data\/mathsek1_trainer\/a1_2_1_10_3.html\">Geschickt rechnen<\/a><\/p>\n\n\n\n<p class=\"has-medium-font-size\"><strong>Niveau I Zu Aufgabe 11.2:<\/strong><\/p>\n\n\n\n<p>Recherchiere im Internet, wie gross folgende Datenmengen sind:<\/p>\n\n\n\n<p>Bit, Byte, Kilobyte, Megabyte, Gigabyte, Terabyte.<\/p>\n\n\n\n<p class=\"has-medium-font-size\"><strong>Niveau I Zu Aufgabe 12.1:<\/strong><\/p>\n\n\n\n<p>Im Zahlengitter kannst Du auch immer r\u00fcckw\u00e4rts rechnen. Wenn der Pfeil nach rechts &#8222;+6&#8220; bedeutet, dann ist ein Feld nach links automatisch &#8222;-6&#8220;.<\/p>\n\n\n\n<p class=\"has-medium-font-size\"><strong>Niveau I Zu Aufgabe 13.1:<\/strong><\/p>\n\n\n\n<p>Nimm Dir ein Blatt Papier und notiere Dir die Namen der grossen Zahlen bis 10 hoch 15. Erkennst Du ein System?<\/p>\n\n\n\n<p>Vergleiche die Zahlen mit den englischen Bezeichnungen. Wo findest Du Unterschiede?<\/p>\n","protected":false},"excerpt":{"rendered":"<p>Zu Aufgabe 2.1: Potenzen ausrechnen Bei Potenzen heisst die Zahl, welche ich multipliziere, BASIS. Wie viel Mal ich die Basis<\/p>\n","protected":false},"author":1,"featured_media":0,"parent":0,"menu_order":0,"comment_status":"closed","ping_status":"closed","template":"","meta":{"colormag_page_container_layout":"default_layout","colormag_page_sidebar_layout":"default_layout","footnotes":""},"class_list":["post-130","page","type-page","status-publish","hentry"],"_links":{"self":[{"href":"https:\/\/mathematerial.ch\/index.php?rest_route=\/wp\/v2\/pages\/130","targetHints":{"allow":["GET"]}}],"collection":[{"href":"https:\/\/mathematerial.ch\/index.php?rest_route=\/wp\/v2\/pages"}],"about":[{"href":"https:\/\/mathematerial.ch\/index.php?rest_route=\/wp\/v2\/types\/page"}],"author":[{"embeddable":true,"href":"https:\/\/mathematerial.ch\/index.php?rest_route=\/wp\/v2\/users\/1"}],"replies":[{"embeddable":true,"href":"https:\/\/mathematerial.ch\/index.php?rest_route=%2Fwp%2Fv2%2Fcomments&post=130"}],"version-history":[{"count":20,"href":"https:\/\/mathematerial.ch\/index.php?rest_route=\/wp\/v2\/pages\/130\/revisions"}],"predecessor-version":[{"id":531,"href":"https:\/\/mathematerial.ch\/index.php?rest_route=\/wp\/v2\/pages\/130\/revisions\/531"}],"wp:attachment":[{"href":"https:\/\/mathematerial.ch\/index.php?rest_route=%2Fwp%2Fv2%2Fmedia&parent=130"}],"curies":[{"name":"wp","href":"https:\/\/api.w.org\/{rel}","templated":true}]}}